{"id":997,"date":"2018-12-18T12:10:19","date_gmt":"2018-12-18T11:10:19","guid":{"rendered":"http:\/\/everglow.de\/partner-national\/"},"modified":"2025-05-23T13:01:19","modified_gmt":"2025-05-23T11:01:19","slug":"partner-national","status":"publish","type":"page","link":"https:\/\/everglow.de\/en\/contact\/partner-national\/","title":{"rendered":"Partner national"},"content":{"rendered":"<p><div class=\"fusion-fullwidth fullwidth-box fusion-builder-row-1 nonhundred-percent-fullwidth non-hundred-percent-height-scrolling\" style=\"background-color: rgba(255,255,255,0);background-position: center center;background-repeat: no-repeat;padding-top:0px;padding-right:0px;padding-bottom:0px;padding-left:0px;margin-bottom: 40px;margin-top: 0px;border-width: 0px 0px 0px 0px;border-color:#eae9e9;border-style:solid;\" ><div class=\"fusion-builder-row fusion-row\"><div class=\"fusion-layout-column fusion_builder_column fusion-builder-column-0 fusion_builder_column_1_1 1_1 fusion-one-full fusion-column-first fusion-column-last\" style=\"margin-top:60px;margin-bottom:0px;\"><div class=\"fusion-column-wrapper fusion-flex-column-wrapper-legacy\" style=\"background-position:left top;background-repeat:no-repeat;-webkit-background-size:cover;-moz-background-size:cover;-o-background-size:cover;background-size:cover;padding: 0px 0px 0px 0px;\"><div class=\"fusion-text fusion-text-1\"><h1 style=\"text-transform: uppercase;\">Partnerverzeichnis National<\/h1>\n<\/div><div class=\"fusion-sep-clear\"><\/div><div class=\"fusion-separator fusion-full-width-sep\" style=\"margin-left: auto;margin-right: auto;margin-top:10px;width:100%;\"><\/div><div class=\"fusion-sep-clear\"><\/div><div class=\"fusion-text fusion-text-2\"><p><strong>EverGlow<span style=\"font-size: 11px;\"><sup>\u00ae<\/sup><\/span> Exklusiv Partner \u2013 Full-Service ganz in Ihrer N\u00e4he.<\/strong><\/p>\n<p>Die EverGlow<span style=\"font-size: 11px;\"><sup>\u00ae<\/sup><\/span> Part of Bischoff GmbH verf\u00fcgt in Deutschland \u00fcber ein fl\u00e4chendeckendes Netz von EverGlow Exclusive Partnern. Diese bieten Ihnen bei Bedarf den kompletten Service von der Projektierung bis hin zur Installation und Wartung eines \u00fcberzeugenden Sicherheitsleitsystems. Hier erhalten Sie optimale Unterst\u00fctzung f\u00fcr Ihre speziellen Anforderungen. Das Netzwerk der EverGlow Exclusive Partner profitiert konsequent vom f\u00fchrenden Know-how der EverGlow<span style=\"font-size: 11px;\"><sup>\u00ae<\/sup><\/span> GmbH und steht f\u00fcr herausragende Qualit\u00e4t in Beratung, Planung und Umsetzung.<\/p>\n<p>&nbsp;<\/p>\n<p>In Deutschland werden EverGlow Produkte in einem fl\u00e4chendeckenden H\u00e4ndlernetz vertrieben. Sollten Sie auf der Suche nach einem H\u00e4ndler mit Mehrwert sein oder selber unsere Produkte vertreiben wollne, wenden Sie sich bitte an uns. Gerne nennen wir Ihnen einen H\u00e4ndler vor Ort \u2013 hier unsere Exklusiv Partner.<\/p>\n<\/div><div class=\"fusion-clearfix\"><\/div><\/div><\/div><\/div><\/div><div class=\"fusion-fullwidth fullwidth-box fusion-builder-row-2 nonhundred-percent-fullwidth non-hundred-percent-height-scrolling fusion-equal-height-columns\" style=\"background-color: rgba(255,255,255,0);background-position: center center;background-repeat: no-repeat;padding-top:0px;padding-right:0px;padding-bottom:0px;padding-left:0px;margin-bottom: 40px;margin-top: 0px;border-width: 0px 0px 0px 0px;border-color:#eae9e9;border-style:solid;\" ><div class=\"fusion-builder-row fusion-row\"><div class=\"fusion-layout-column fusion_builder_column fusion-builder-column-1 fusion_builder_column_1_3 1_3 fusion-one-third fusion-column-first\" style=\"width:33.333333333333%;width:calc(33.333333333333% - ( ( 4% + 4% ) * 0.33333333333333 ) );margin-right: 4%;margin-top:10px;margin-bottom:10px;\"><div class=\"fusion-column-wrapper fusion-flex-column-wrapper-legacy\" style=\"background-position:left top;background-repeat:no-repeat;-webkit-background-size:cover;-moz-background-size:cover;-o-background-size:cover;background-size:cover;border-width: 1px 1px 1px 1px;border-color:#c3db35;border-style:solid;padding: 30px 30px 30px 30px;\"><div class=\"fusion-text fusion-text-3\"><p style=\"text-align: left; margin-bottom: 10px;\"><strong>Safety Consult GmbH<\/strong><\/p>\n<p style=\"text-align: left; margin-bottom: 10px;\">Herr Bauer, Am H\u00fchnerberg 17, D-65779 Kelkheim (Taunus)<\/p>\n<p style=\"text-align: left; margin-bottom: 10px;\">Tel.: +49 (0)6195 72 54 0<br \/>\nFax: +49 (0)6195 72 54 200<\/p>\n<p style=\"text-align: left;\"><a href=\"www.safetyconsult.de\"><span style=\"color: #e20026;\">www.safetyconsult.de<\/span><\/a><\/p>\n<\/div><div class=\"fusion-clearfix\"><\/div><\/div><\/div><div class=\"fusion-layout-column fusion_builder_column fusion-builder-column-2 fusion_builder_column_1_3 1_3 fusion-one-third\" style=\"width:33.333333333333%;width:calc(33.333333333333% - ( ( 4% + 4% ) * 0.33333333333333 ) );margin-right: 4%;margin-top:10px;margin-bottom:10px;\"><div class=\"fusion-column-wrapper fusion-flex-column-wrapper-legacy\" style=\"background-position:left top;background-repeat:no-repeat;-webkit-background-size:cover;-moz-background-size:cover;-o-background-size:cover;background-size:cover;border-width: 1px 1px 1px 1px;border-color:#c3db35;border-style:solid;padding: 30px 30px 30px 30px;\"><div class=\"fusion-text fusion-text-4\"><p style=\"text-align: left; margin-bottom: 10px;\"><strong>Schlemmer GmbH<\/strong><\/p>\n<p style=\"text-align: left; margin-bottom: 10px;\">Herr A. Schlemmer, Raiffeisenallee 8, D-82041 Oberhaching<\/p>\n<p style=\"text-align: left; margin-bottom: 10px;\">Tel.: +49 (0)89 66 51 84 0<br \/>\nFax: +49 (0)89 66 51 84 90<\/p>\n<\/div><div class=\"fusion-clearfix\"><\/div><\/div><\/div><div class=\"fusion-layout-column fusion_builder_column fusion-builder-column-3 fusion_builder_column_1_3 1_3 fusion-one-third fusion-column-last\" style=\"width:33.333333333333%;width:calc(33.333333333333% - ( ( 4% + 4% ) * 0.33333333333333 ) );margin-top:10px;margin-bottom:10px;\"><div class=\"fusion-column-wrapper fusion-flex-column-wrapper-legacy\" style=\"background-position:left top;background-repeat:no-repeat;-webkit-background-size:cover;-moz-background-size:cover;-o-background-size:cover;background-size:cover;border-width: 1px 1px 1px 1px;border-color:#c3db35;border-style:solid;padding: 30px 30px 30px 30px;\"><div class=\"fusion-text fusion-text-5\"><p style=\"text-align: left; margin-bottom: 10px;\"><strong>A-Team Krefeld GmbH<\/strong><\/p>\n<p style=\"text-align: left; margin-bottom: 10px;\">Herr Arts Adolf-Dembach-Str. 20 D-47809 Krefeld<\/p>\n<p style=\"text-align: left; margin-bottom: 10px;\">Tel.: +49 (0)2151 15 66 67 Fax: +49 (0)2151 15 66 68<\/p>\n<\/div><div class=\"fusion-clearfix\"><\/div><\/div><\/div><\/div><\/div><div class=\"fusion-fullwidth fullwidth-box fusion-builder-row-3 fusion-parallax-none hundred-percent-fullwidth non-hundred-percent-height-scrolling\" style=\"background-color: rgba(255,255,255,0);background-image: url(&quot;https:\/\/everglow.de\/wp-content\/uploads\/2018\/09\/linie-1.png&quot;);background-position: center center;background-repeat: repeat-x;padding-top:20px;padding-right:0px;padding-bottom:20px;padding-left:0px;margin-bottom: 0px;margin-top: 0px;border-width: 0px 0px 0px 0px;border-color:#eae9e9;border-style:solid;\" ><div class=\"fusion-builder-row fusion-row\"><\/div><\/div><\/p>\n","protected":false},"excerpt":{"rendered":"","protected":false},"author":1,"featured_media":0,"parent":1030,"menu_order":0,"comment_status":"closed","ping_status":"closed","template":"100-width.php","meta":{"inline_featured_image":false,"footnotes":""},"class_list":["post-997","page","type-page","status-publish","hentry"],"yoast_head":"<!-- This site is optimized with the Yoast SEO plugin v27.0 - https:\/\/yoast.com\/product\/yoast-seo-wordpress\/ -->\n<title>Nationale Partner | Service in Ihrer N\u00e4he - Langnachleuchtende Sicherheitskennzeichnung - EverGlow\u00ae<\/title>\n<meta name=\"robots\" content=\"index, follow, max-snippet:-1, max-image-preview:large, max-video-preview:-1\" \/>\n<link rel=\"canonical\" href=\"https:\/\/everglow.de\/en\/contact\/partner-national\/\" \/>\n<meta property=\"og:locale\" content=\"en_US\" \/>\n<meta property=\"og:type\" content=\"article\" \/>\n<meta property=\"og:title\" content=\"Nationale Partner | Service in Ihrer N\u00e4he - Langnachleuchtende Sicherheitskennzeichnung - EverGlow\u00ae\" \/>\n<meta property=\"og:url\" content=\"https:\/\/everglow.de\/en\/contact\/partner-national\/\" \/>\n<meta property=\"og:site_name\" content=\"Langnachleuchtende Sicherheitskennzeichnung - EverGlow\u00ae\" \/>\n<meta property=\"article:modified_time\" content=\"2025-05-23T11:01:19+00:00\" \/>\n<meta name=\"twitter:card\" content=\"summary_large_image\" \/>\n<meta name=\"twitter:label1\" content=\"Est. reading time\" \/>\n\t<meta name=\"twitter:data1\" content=\"3 minutes\" \/>\n<script type=\"application\/ld+json\" class=\"yoast-schema-graph\">{\"@context\":\"https:\/\/schema.org\",\"@graph\":[{\"@type\":\"WebPage\",\"@id\":\"https:\/\/everglow.de\/en\/contact\/partner-national\/\",\"url\":\"https:\/\/everglow.de\/en\/contact\/partner-national\/\",\"name\":\"Nationale Partner | Service in Ihrer N\u00e4he - Langnachleuchtende Sicherheitskennzeichnung - EverGlow\u00ae\",\"isPartOf\":{\"@id\":\"https:\/\/everglow.de\/#website\"},\"datePublished\":\"2018-12-18T11:10:19+00:00\",\"dateModified\":\"2025-05-23T11:01:19+00:00\",\"breadcrumb\":{\"@id\":\"https:\/\/everglow.de\/en\/contact\/partner-national\/#breadcrumb\"},\"inLanguage\":\"en-US\",\"potentialAction\":[{\"@type\":\"ReadAction\",\"target\":[\"https:\/\/everglow.de\/en\/contact\/partner-national\/\"]}]},{\"@type\":\"BreadcrumbList\",\"@id\":\"https:\/\/everglow.de\/en\/contact\/partner-national\/#breadcrumb\",\"itemListElement\":[{\"@type\":\"ListItem\",\"position\":1,\"name\":\"Startseite\",\"item\":\"https:\/\/everglow.de\/en\/\"},{\"@type\":\"ListItem\",\"position\":2,\"name\":\"Contact\",\"item\":\"https:\/\/everglow.de\/en\/contact\/\"},{\"@type\":\"ListItem\",\"position\":3,\"name\":\"Partner national\"}]},{\"@type\":\"WebSite\",\"@id\":\"https:\/\/everglow.de\/#website\",\"url\":\"https:\/\/everglow.de\/\",\"name\":\"Langnachleuchtende Sicherheitskennzeichnung - EverGlow\u00ae\",\"description\":\"Sicherheitskennzeichnung\",\"publisher\":{\"@id\":\"https:\/\/everglow.de\/#organization\"},\"potentialAction\":[{\"@type\":\"SearchAction\",\"target\":{\"@type\":\"EntryPoint\",\"urlTemplate\":\"https:\/\/everglow.de\/?s={search_term_string}\"},\"query-input\":{\"@type\":\"PropertyValueSpecification\",\"valueRequired\":true,\"valueName\":\"search_term_string\"}}],\"inLanguage\":\"en-US\"},{\"@type\":\"Organization\",\"@id\":\"https:\/\/everglow.de\/#organization\",\"name\":\"EverGlow\u00ae GmbH\",\"url\":\"https:\/\/everglow.de\/\",\"logo\":{\"@type\":\"ImageObject\",\"inLanguage\":\"en-US\",\"@id\":\"https:\/\/everglow.de\/#\/schema\/logo\/image\/\",\"url\":\"https:\/\/everglow.de\/wp-content\/uploads\/2019\/02\/everglow-logo.svg\",\"contentUrl\":\"https:\/\/everglow.de\/wp-content\/uploads\/2019\/02\/everglow-logo.svg\",\"width\":230,\"height\":70,\"caption\":\"EverGlow\u00ae GmbH\"},\"image\":{\"@id\":\"https:\/\/everglow.de\/#\/schema\/logo\/image\/\"}}]}<\/script>\n<!-- \/ Yoast SEO plugin. -->","yoast_head_json":{"title":"Nationale Partner | Service in Ihrer N\u00e4he - Langnachleuchtende Sicherheitskennzeichnung - EverGlow\u00ae","robots":{"index":"index","follow":"follow","max-snippet":"max-snippet:-1","max-image-preview":"max-image-preview:large","max-video-preview":"max-video-preview:-1"},"canonical":"https:\/\/everglow.de\/en\/contact\/partner-national\/","og_locale":"en_US","og_type":"article","og_title":"Nationale Partner | Service in Ihrer N\u00e4he - Langnachleuchtende Sicherheitskennzeichnung - EverGlow\u00ae","og_url":"https:\/\/everglow.de\/en\/contact\/partner-national\/","og_site_name":"Langnachleuchtende Sicherheitskennzeichnung - EverGlow\u00ae","article_modified_time":"2025-05-23T11:01:19+00:00","twitter_card":"summary_large_image","twitter_misc":{"Est. reading time":"3 minutes"},"schema":{"@context":"https:\/\/schema.org","@graph":[{"@type":"WebPage","@id":"https:\/\/everglow.de\/en\/contact\/partner-national\/","url":"https:\/\/everglow.de\/en\/contact\/partner-national\/","name":"Nationale Partner | Service in Ihrer N\u00e4he - Langnachleuchtende Sicherheitskennzeichnung - EverGlow\u00ae","isPartOf":{"@id":"https:\/\/everglow.de\/#website"},"datePublished":"2018-12-18T11:10:19+00:00","dateModified":"2025-05-23T11:01:19+00:00","breadcrumb":{"@id":"https:\/\/everglow.de\/en\/contact\/partner-national\/#breadcrumb"},"inLanguage":"en-US","potentialAction":[{"@type":"ReadAction","target":["https:\/\/everglow.de\/en\/contact\/partner-national\/"]}]},{"@type":"BreadcrumbList","@id":"https:\/\/everglow.de\/en\/contact\/partner-national\/#breadcrumb","itemListElement":[{"@type":"ListItem","position":1,"name":"Startseite","item":"https:\/\/everglow.de\/en\/"},{"@type":"ListItem","position":2,"name":"Contact","item":"https:\/\/everglow.de\/en\/contact\/"},{"@type":"ListItem","position":3,"name":"Partner national"}]},{"@type":"WebSite","@id":"https:\/\/everglow.de\/#website","url":"https:\/\/everglow.de\/","name":"Langnachleuchtende Sicherheitskennzeichnung - EverGlow\u00ae","description":"Sicherheitskennzeichnung","publisher":{"@id":"https:\/\/everglow.de\/#organization"},"potentialAction":[{"@type":"SearchAction","target":{"@type":"EntryPoint","urlTemplate":"https:\/\/everglow.de\/?s={search_term_string}"},"query-input":{"@type":"PropertyValueSpecification","valueRequired":true,"valueName":"search_term_string"}}],"inLanguage":"en-US"},{"@type":"Organization","@id":"https:\/\/everglow.de\/#organization","name":"EverGlow\u00ae GmbH","url":"https:\/\/everglow.de\/","logo":{"@type":"ImageObject","inLanguage":"en-US","@id":"https:\/\/everglow.de\/#\/schema\/logo\/image\/","url":"https:\/\/everglow.de\/wp-content\/uploads\/2019\/02\/everglow-logo.svg","contentUrl":"https:\/\/everglow.de\/wp-content\/uploads\/2019\/02\/everglow-logo.svg","width":230,"height":70,"caption":"EverGlow\u00ae GmbH"},"image":{"@id":"https:\/\/everglow.de\/#\/schema\/logo\/image\/"}}]}},"_links":{"self":[{"href":"https:\/\/everglow.de\/en\/wp-json\/wp\/v2\/pages\/997","targetHints":{"allow":["GET"]}}],"collection":[{"href":"https:\/\/everglow.de\/en\/wp-json\/wp\/v2\/pages"}],"about":[{"href":"https:\/\/everglow.de\/en\/wp-json\/wp\/v2\/types\/page"}],"author":[{"embeddable":true,"href":"https:\/\/everglow.de\/en\/wp-json\/wp\/v2\/users\/1"}],"replies":[{"embeddable":true,"href":"https:\/\/everglow.de\/en\/wp-json\/wp\/v2\/comments?post=997"}],"version-history":[{"count":3,"href":"https:\/\/everglow.de\/en\/wp-json\/wp\/v2\/pages\/997\/revisions"}],"predecessor-version":[{"id":2095,"href":"https:\/\/everglow.de\/en\/wp-json\/wp\/v2\/pages\/997\/revisions\/2095"}],"up":[{"embeddable":true,"href":"https:\/\/everglow.de\/en\/wp-json\/wp\/v2\/pages\/1030"}],"wp:attachment":[{"href":"https:\/\/everglow.de\/en\/wp-json\/wp\/v2\/media?parent=997"}],"curies":[{"name":"wp","href":"https:\/\/api.w.org\/{rel}","templated":true}]}}